{"id":1108,"date":"2018-06-16T22:42:19","date_gmt":"2018-06-16T20:42:19","guid":{"rendered":"http:\/\/laplume-ou-lavie.fr\/?page_id=1108"},"modified":"2018-10-08T10:58:48","modified_gmt":"2018-10-08T08:58:48","slug":"a-propos","status":"publish","type":"page","link":"https:\/\/laplume-ou-lavie.fr\/index.php\/a-propos\/","title":{"rendered":"\u00c0 propos"},"content":{"rendered":"<p><img data-recalc-dims=\"1\" loading=\"lazy\" decoding=\"async\" data-attachment-id=\"1138\" data-permalink=\"https:\/\/laplume-ou-lavie.fr\/index.php\/a-propos\/banniere-a-propos-plume-vie\/\" data-orig-file=\"https:\/\/i0.wp.com\/laplume-ou-lavie.fr\/wp-content\/uploads\/2018\/05\/banni%C3%A8re-a-propos-plume-vie.jpg?fit=3795%2C1821&amp;ssl=1\" data-orig-size=\"3795,1821\" data-comments-opened=\"1\" data-image-meta=\"{&quot;aperture&quot;:&quot;0&quot;,&quot;credit&quot;:&quot;&quot;,&quot;camera&quot;:&quot;&quot;,&quot;caption&quot;:&quot;&quot;,&quot;created_timestamp&quot;:&quot;0&quot;,&quot;copyright&quot;:&quot;&quot;,&quot;focal_length&quot;:&quot;0&quot;,&quot;iso&quot;:&quot;0&quot;,&quot;shutter_speed&quot;:&quot;0&quot;,&quot;title&quot;:&quot;&quot;,&quot;orientation&quot;:&quot;0&quot;}\" data-image-title=\"banni\u00e8re-a-propos-plume-vie\" data-image-description=\"\" data-image-caption=\"\" data-medium-file=\"https:\/\/i0.wp.com\/laplume-ou-lavie.fr\/wp-content\/uploads\/2018\/05\/banni%C3%A8re-a-propos-plume-vie.jpg?fit=300%2C144&amp;ssl=1\" data-large-file=\"https:\/\/i0.wp.com\/laplume-ou-lavie.fr\/wp-content\/uploads\/2018\/05\/banni%C3%A8re-a-propos-plume-vie.jpg?fit=840%2C403&amp;ssl=1\" class=\"alignnone size-full wp-image-1138\" src=\"https:\/\/i0.wp.com\/laplume-ou-lavie.fr\/wp-content\/uploads\/2018\/05\/banni%C3%A8re-a-propos-plume-vie.jpg?resize=840%2C403\" alt=\"\" width=\"840\" height=\"403\" srcset=\"https:\/\/i0.wp.com\/laplume-ou-lavie.fr\/wp-content\/uploads\/2018\/05\/banni%C3%A8re-a-propos-plume-vie.jpg?w=3795&amp;ssl=1 3795w, https:\/\/i0.wp.com\/laplume-ou-lavie.fr\/wp-content\/uploads\/2018\/05\/banni%C3%A8re-a-propos-plume-vie.jpg?resize=300%2C144&amp;ssl=1 300w, https:\/\/i0.wp.com\/laplume-ou-lavie.fr\/wp-content\/uploads\/2018\/05\/banni%C3%A8re-a-propos-plume-vie.jpg?resize=768%2C369&amp;ssl=1 768w, https:\/\/i0.wp.com\/laplume-ou-lavie.fr\/wp-content\/uploads\/2018\/05\/banni%C3%A8re-a-propos-plume-vie.jpg?resize=1024%2C491&amp;ssl=1 1024w, https:\/\/i0.wp.com\/laplume-ou-lavie.fr\/wp-content\/uploads\/2018\/05\/banni%C3%A8re-a-propos-plume-vie.jpg?resize=1200%2C576&amp;ssl=1 1200w, https:\/\/i0.wp.com\/laplume-ou-lavie.fr\/wp-content\/uploads\/2018\/05\/banni%C3%A8re-a-propos-plume-vie.jpg?w=1680&amp;ssl=1 1680w, https:\/\/i0.wp.com\/laplume-ou-lavie.fr\/wp-content\/uploads\/2018\/05\/banni%C3%A8re-a-propos-plume-vie.jpg?w=2520&amp;ssl=1 2520w\" sizes=\"auto, (max-width: 709px) 85vw, (max-width: 909px) 67vw, (max-width: 1362px) 62vw, 840px\" \/><\/p>\n<p>Hello toi, bienvenue sur La plume ou la vie ! Fais comme chez toi et remplis donc ta P\u00e0L gr\u00e2ce \u00e0 mes chroniques ! Moi, c&rsquo;est Mathilde, h\u00f4tesse et ma\u00eetresse des lieux !<\/p>\n<h4 style=\"text-align: center;\">\u02dc<\/h4>\n<h2 style=\"text-align: center;\">De ce blog !<\/h2>\n<p>La plume ou la vie est un blog principalement consacr\u00e9 aux litt\u00e9ratures de l&rsquo;imaginaire. Il faut dire que je les d\u00e9vore depuis mon enfance. Mais lorsqu&rsquo;un texte appartenant \u00e0 un autre genre me pla\u00eet et que l&rsquo;envie me prend d&rsquo;en parler, je n&rsquo;h\u00e9site pas !<\/p>\n<p><strong>Ce blog, c&rsquo;est le reflet de ma biblioth\u00e8que, et aussi un peu de ma personnalit\u00e9 : plurielle, remplie de curiosit\u00e9 et non cantonn\u00e9e \u00e0 un genre en particulier<\/strong>. La vie est trop courte pour se priver d&rsquo;une grande partie de ce qu&rsquo;il y a \u00e0 lire !<\/p>\n<h4 style=\"text-align: center;\">\u02dc<\/h4>\n<h2 style=\"text-align: center;\">De ma petite personne&#8230;<\/h2>\n<p>Comme beaucoup de personnes qui partagent leurs avis de lecture sur Internet, je suis <strong>passionn\u00e9e par les livres et la lecture<\/strong>. Du genre d\u00e9vorante attention, qui me pousse \u00e0 toujours emporter un livre avec moi. Et il faut avouer que pour le partage de lectures, Internet est formidable !<\/p>\n<blockquote class=\"instagram-media\" data-instgrm-captioned data-instgrm-permalink=\"https:\/\/www.instagram.com\/p\/Bjhzt3oDM4x\/?utm_source=ig_embed&amp;utm_campaign=loading\" data-instgrm-version=\"13\" style=\" background:#FFF; border:0; border-radius:3px; box-shadow:0 0 1px 0 rgba(0,0,0,0.5),0 1px 10px 0 rgba(0,0,0,0.15); margin: 1px; max-width:658px; min-width:326px; padding:0; width:99.375%; width:-webkit-calc(100% - 2px); width:calc(100% - 2px);\">\n<div style=\"padding:16px;\"> <a href=\"https:\/\/www.instagram.com\/p\/Bjhzt3oDM4x\/?utm_source=ig_embed&amp;utm_campaign=loading\" style=\" background:#FFFFFF; line-height:0; padding:0 0; text-align:center; text-decoration:none; width:100%;\" target=\"_blank\"> <\/p>\n<div style=\" display: flex; flex-direction: row; align-items: center;\">\n<div style=\"background-color: #F4F4F4; border-radius: 50%; flex-grow: 0; height: 40px; margin-right: 14px; width: 40px;\"><\/div>\n<div style=\"display: flex; flex-direction: column; flex-grow: 1; justify-content: center;\">\n<div style=\" background-color: #F4F4F4; border-radius: 4px; flex-grow: 0; height: 14px; margin-bottom: 6px; width: 100px;\"><\/div>\n<div style=\" background-color: #F4F4F4; border-radius: 4px; flex-grow: 0; height: 14px; width: 60px;\"><\/div>\n<\/div>\n<\/div>\n<div style=\"padding: 19% 0;\"><\/div>\n<div style=\"display:block; height:50px; margin:0 auto 12px; width:50px;\"><svg width=\"50px\" height=\"50px\" viewBox=\"0 0 60 60\" version=\"1.1\" xmlns=\"https:\/\/www.w3.org\/2000\/svg\" xmlns:xlink=\"https:\/\/www.w3.org\/1999\/xlink\"><g stroke=\"none\" stroke-width=\"1\" fill=\"none\" fill-rule=\"evenodd\"><g transform=\"translate(-511.000000, -20.000000)\" fill=\"#000000\"><g><path d=\"M556.869,30.41 C554.814,30.41 553.148,32.076 553.148,34.131 C553.148,36.186 554.814,37.852 556.869,37.852 C558.924,37.852 560.59,36.186 560.59,34.131 C560.59,32.076 558.924,30.41 556.869,30.41 M541,60.657 C535.114,60.657 530.342,55.887 530.342,50 C530.342,44.114 535.114,39.342 541,39.342 C546.887,39.342 551.658,44.114 551.658,50 C551.658,55.887 546.887,60.657 541,60.657 M541,33.886 C532.1,33.886 524.886,41.1 524.886,50 C524.886,58.899 532.1,66.113 541,66.113 C549.9,66.113 557.115,58.899 557.115,50 C557.115,41.1 549.9,33.886 541,33.886 M565.378,62.101 C565.244,65.022 564.756,66.606 564.346,67.663 C563.803,69.06 563.154,70.057 562.106,71.106 C561.058,72.155 560.06,72.803 558.662,73.347 C557.607,73.757 556.021,74.244 553.102,74.378 C549.944,74.521 548.997,74.552 541,74.552 C533.003,74.552 532.056,74.521 528.898,74.378 C525.979,74.244 524.393,73.757 523.338,73.347 C521.94,72.803 520.942,72.155 519.894,71.106 C518.846,70.057 518.197,69.06 517.654,67.663 C517.244,66.606 516.755,65.022 516.623,62.101 C516.479,58.943 516.448,57.996 516.448,50 C516.448,42.003 516.479,41.056 516.623,37.899 C516.755,34.978 517.244,33.391 517.654,32.338 C518.197,30.938 518.846,29.942 519.894,28.894 C520.942,27.846 521.94,27.196 523.338,26.654 C524.393,26.244 525.979,25.756 528.898,25.623 C532.057,25.479 533.004,25.448 541,25.448 C548.997,25.448 549.943,25.479 553.102,25.623 C556.021,25.756 557.607,26.244 558.662,26.654 C560.06,27.196 561.058,27.846 562.106,28.894 C563.154,29.942 563.803,30.938 564.346,32.338 C564.756,33.391 565.244,34.978 565.378,37.899 C565.522,41.056 565.552,42.003 565.552,50 C565.552,57.996 565.522,58.943 565.378,62.101 M570.82,37.631 C570.674,34.438 570.167,32.258 569.425,30.349 C568.659,28.377 567.633,26.702 565.965,25.035 C564.297,23.368 562.623,22.342 560.652,21.575 C558.743,20.834 556.562,20.326 553.369,20.18 C550.169,20.033 549.148,20 541,20 C532.853,20 531.831,20.033 528.631,20.18 C525.438,20.326 523.257,20.834 521.349,21.575 C519.376,22.342 517.703,23.368 516.035,25.035 C514.368,26.702 513.342,28.377 512.574,30.349 C511.834,32.258 511.326,34.438 511.181,37.631 C511.035,40.831 511,41.851 511,50 C511,58.147 511.035,59.17 511.181,62.369 C511.326,65.562 511.834,67.743 512.574,69.651 C513.342,71.625 514.368,73.296 516.035,74.965 C517.703,76.634 519.376,77.658 521.349,78.425 C523.257,79.167 525.438,79.673 528.631,79.82 C531.831,79.965 532.853,80.001 541,80.001 C549.148,80.001 550.169,79.965 553.369,79.82 C556.562,79.673 558.743,79.167 560.652,78.425 C562.623,77.658 564.297,76.634 565.965,74.965 C567.633,73.296 568.659,71.625 569.425,69.651 C570.167,67.743 570.674,65.562 570.82,62.369 C570.966,59.17 571,58.147 571,50 C571,41.851 570.966,40.831 570.82,37.631\"><\/path><\/g><\/g><\/g><\/svg><\/div>\n<div style=\"padding-top: 8px;\">\n<div style=\" color:#3897f0; font-family:Arial,sans-serif; font-size:14px; font-style:normal; font-weight:550; line-height:18px;\"> View this post on Instagram<\/div>\n<\/div>\n<div style=\"padding: 12.5% 0;\"><\/div>\n<div style=\"display: flex; flex-direction: row; margin-bottom: 14px; align-items: center;\">\n<div>\n<div style=\"background-color: #F4F4F4; border-radius: 50%; height: 12.5px; width: 12.5px; transform: translateX(0px) translateY(7px);\"><\/div>\n<div style=\"background-color: #F4F4F4; height: 12.5px; transform: rotate(-45deg) translateX(3px) translateY(1px); width: 12.5px; flex-grow: 0; margin-right: 14px; margin-left: 2px;\"><\/div>\n<div style=\"background-color: #F4F4F4; border-radius: 50%; height: 12.5px; width: 12.5px; transform: translateX(9px) translateY(-18px);\"><\/div>\n<\/div>\n<div style=\"margin-left: 8px;\">\n<div style=\" background-color: #F4F4F4; border-radius: 50%; flex-grow: 0; height: 20px; width: 20px;\"><\/div>\n<div style=\" width: 0; height: 0; border-top: 2px solid transparent; border-left: 6px solid #f4f4f4; border-bottom: 2px solid transparent; transform: translateX(16px) translateY(-4px) rotate(30deg)\"><\/div>\n<\/div>\n<div style=\"margin-left: auto;\">\n<div style=\" width: 0px; border-top: 8px solid #F4F4F4; border-right: 8px solid transparent; transform: translateY(16px);\"><\/div>\n<div style=\" background-color: #F4F4F4; flex-grow: 0; height: 12px; width: 16px; transform: translateY(-4px);\"><\/div>\n<div style=\" width: 0; height: 0; border-top: 8px solid #F4F4F4; border-left: 8px solid transparent; transform: translateY(-4px) translateX(8px);\"><\/div>\n<\/div>\n<\/div>\n<div style=\"display: flex; flex-direction: column; flex-grow: 1; justify-content: center; margin-bottom: 24px;\">\n<div style=\" background-color: #F4F4F4; border-radius: 4px; flex-grow: 0; height: 14px; margin-bottom: 6px; width: 224px;\"><\/div>\n<div style=\" background-color: #F4F4F4; border-radius: 4px; flex-grow: 0; height: 14px; width: 144px;\"><\/div>\n<\/div>\n<p><\/a><\/p>\n<p style=\" color:#c9c8cd; font-family:Arial,sans-serif; font-size:14px; line-height:17px; margin-bottom:0; margin-top:8px; overflow:hidden; padding:8px 0 7px; text-align:center; text-overflow:ellipsis; white-space:nowrap;\"><a href=\"https:\/\/www.instagram.com\/p\/Bjhzt3oDM4x\/?utm_source=ig_embed&amp;utm_campaign=loading\" style=\" color:#c9c8cd; font-family:Arial,sans-serif; font-size:14px; font-style:normal; font-weight:normal; line-height:17px; text-decoration:none;\" target=\"_blank\">A post shared by Mathi (@mathi_la_fille_qui)<\/a><\/p>\n<\/div>\n<\/blockquote>\n<p><script async src=\"\/\/platform.instagram.com\/en_US\/embeds.js\"><\/script><\/p>\n<p><strong>J&rsquo;ai toujours \u00e9t\u00e9 attir\u00e9e par les litt\u00e9ratures de l&rsquo;imaginaire<\/strong>. Depuis ma d\u00e9couverte du <em>Seigneur des Anneaux<\/em> \u00e0 dix ans, \u00e7a n&rsquo;a jamais arr\u00eat\u00e9. Et <em>Harry Potter<\/em> n&rsquo;a pas arrang\u00e9 les choses ! Les deux sagas figurent au nombre des livres les plus lus et relus de mon palmar\u00e8s personnel.<\/p>\n<p>Mais il y a autre chose que la lecture qui occupe une bonne partie de ma vie (et de mon temps)&#8230;<\/p>\n<p style=\"text-align: center;\"><strong>L&rsquo;\u00e9criture<\/strong>.<\/p>\n<p>Il ne se passe pas un jour sans que quelques mots ne naissent de mon crayon ou de mon clavier. Le mieux dans tout \u00e7a, c&rsquo;est qu&rsquo;<strong>en plus d&rsquo;\u00eatre une passion, c&rsquo;est un besoin<\/strong>. Bon, et un peu mon m\u00e9tier aussi. Je suis correctrice de profession, pour les petits curieux.<\/p>\n<p>Petit aper\u00e7u de mes indispensables lors de toute sortie : de quoi \u00e9crire et de quoi lire ! Et ma tablette ainsi qu&rsquo;un petit clavier pliable Bluetooth quand mon s\u00e9jour d\u00e9passe la journ\u00e9e.<\/p>\n<h4 style=\"text-align: center;\">\u02dc<\/h4>\n<h3 style=\"text-align: center;\">Ce que j&rsquo;\u00e9cris ?<\/h3>\n<p>Des chroniques, mais pas que. Sur ce blog, vous trouverez des interviews, des tops, des tags, des r\u00e9flexions autour du livre ou de l&rsquo;\u00e9criture (<strong>writingception!<\/strong>), quelques textes de fiction&#8230;<\/p>\n<p>Mais pas que !<\/p>\n<p>Je suis \u00e9galement r\u00e9dactrice sur un autre blog consacr\u00e9 au jeu de r\u00f4le grandeur nature : <strong>la Bo\u00eete \u00e0 GN<\/strong> !<\/p>\n<figure style=\"width: 960px\" class=\"wp-caption alignnone\"><a href=\"http:\/\/boiteagn.com\"><img data-recalc-dims=\"1\" loading=\"lazy\" decoding=\"async\" src=\"https:\/\/i0.wp.com\/boiteagn.com\/wp-content\/uploads\/2016\/05\/cropped-Banni%C3%A8re-blog-2-2.jpg?resize=840%2C158\" alt=\"\" width=\"840\" height=\"158\" \/><\/a><figcaption class=\"wp-caption-text\">Clique sur le lien pour aller sur le blog<\/figcaption><\/figure>\n<p>J&rsquo;\u00e9cris \u00e9galement des sc\u00e9narios de jeux de r\u00f4le, des murder-parties et des GN ! <strong>Bref, je n&rsquo;arr\u00eate jamais<\/strong>.<\/p>\n<h2 style=\"text-align: center;\">Et alors, o\u00f9 me trouver ?<\/h2>\n<p>Cela restera entre nous hein ? \ud83d\ude09<\/p>\n<p><span style=\"text-decoration: underline;\">E-mail<\/span> : hello@laplume-ou-lavie.fr<\/p>\n<p><span style=\"text-decoration: underline;\">Facebook<\/span> : <a href=\"https:\/\/www.facebook.com\/laplumeoulavie\/\">La plume ou la vie, le blog<\/a><\/p>\n<p><span style=\"text-decoration: underline;\">Twitter<\/span> : Aranaee <a href=\"https:\/\/mobile.twitter.com\/booksandlarp\">@booksandlarp<\/a><\/p>\n<p><span style=\"text-decoration: underline;\">Instagram<\/span> : <a href=\"https:\/\/www.instagram.com\/aranae.booksandlarp\/\">@aranae.booksandlarp<\/a><\/p>\n<p><span style=\"text-decoration: underline;\">Livraddict<\/span> : <a href=\"https:\/\/www.livraddict.com\/profil\/aranae\/\">Aranae<\/a><\/p>\n<p>&nbsp;<\/p>\n","protected":false},"excerpt":{"rendered":"<p>Hello toi, bienvenue sur La plume ou la vie ! Fais comme chez toi et remplis donc ta P\u00e0L gr\u00e2ce \u00e0 mes chroniques ! Moi, c&rsquo;est Mathilde, h\u00f4tesse et ma\u00eetresse des lieux ! \u02dc De ce blog ! La plume ou la vie est un blog principalement consacr\u00e9 aux litt\u00e9ratures de l&rsquo;imaginaire. Il faut dire &hellip; <a href=\"https:\/\/laplume-ou-lavie.fr\/index.php\/a-propos\/\" class=\"more-link\">Continuer la lecture<span class=\"screen-reader-text\"> de &laquo;&nbsp;\u00c0 propos&nbsp;&raquo;<\/span><\/a><\/p>\n","protected":false},"author":1,"featured_media":0,"parent":0,"menu_order":0,"comment_status":"closed","ping_status":"closed","template":"","meta":{"_exactmetrics_skip_tracking":false,"_exactmetrics_sitenote_active":false,"_exactmetrics_sitenote_note":"","_exactmetrics_sitenote_category":0,"jetpack_post_was_ever_published":false,"footnotes":""},"class_list":["post-1108","page","type-page","status-publish","hentry"],"yoast_head":"<!-- This site is optimized with the Yoast SEO plugin v24.8.1 - https:\/\/yoast.com\/wordpress\/plugins\/seo\/ -->\n<title>\u00c0 propos -<\/title>\n<meta name=\"robots\" content=\"index, follow, max-snippet:-1, max-image-preview:large, max-video-preview:-1\" \/>\n<link rel=\"canonical\" href=\"https:\/\/laplume-ou-lavie.fr\/index.php\/a-propos\/\" \/>\n<meta property=\"og:locale\" content=\"fr_FR\" \/>\n<meta property=\"og:type\" content=\"article\" \/>\n<meta property=\"og:title\" content=\"\u00c0 propos -\" \/>\n<meta property=\"og:description\" content=\"Hello toi, bienvenue sur La plume ou la vie ! Fais comme chez toi et remplis donc ta P\u00e0L gr\u00e2ce \u00e0 mes chroniques ! Moi, c&rsquo;est Mathilde, h\u00f4tesse et ma\u00eetresse des lieux ! \u02dc De ce blog ! La plume ou la vie est un blog principalement consacr\u00e9 aux litt\u00e9ratures de l&rsquo;imaginaire. Il faut dire &hellip; Continuer la lecture de &laquo;&nbsp;\u00c0 propos&nbsp;&raquo;\" \/>\n<meta property=\"og:url\" content=\"https:\/\/laplume-ou-lavie.fr\/index.php\/a-propos\/\" \/>\n<meta property=\"article:modified_time\" content=\"2018-10-08T08:58:48+00:00\" \/>\n<meta property=\"og:image\" content=\"http:\/\/laplume-ou-lavie.fr\/wp-content\/uploads\/2018\/05\/banni\u00e8re-a-propos-plume-vie.jpg\" \/>\n<meta name=\"twitter:card\" content=\"summary_large_image\" \/>\n<meta name=\"twitter:label1\" content=\"Dur\u00e9e de lecture estim\u00e9e\" \/>\n\t<meta name=\"twitter:data1\" content=\"2 minutes\" \/>\n<script type=\"application\/ld+json\" class=\"yoast-schema-graph\">{\"@context\":\"https:\/\/schema.org\",\"@graph\":[{\"@type\":\"WebPage\",\"@id\":\"https:\/\/laplume-ou-lavie.fr\/index.php\/a-propos\/\",\"url\":\"https:\/\/laplume-ou-lavie.fr\/index.php\/a-propos\/\",\"name\":\"\u00c0 propos -\",\"isPartOf\":{\"@id\":\"https:\/\/laplume-ou-lavie.fr\/#website\"},\"datePublished\":\"2018-06-16T20:42:19+00:00\",\"dateModified\":\"2018-10-08T08:58:48+00:00\",\"breadcrumb\":{\"@id\":\"https:\/\/laplume-ou-lavie.fr\/index.php\/a-propos\/#breadcrumb\"},\"inLanguage\":\"fr-FR\",\"potentialAction\":[{\"@type\":\"ReadAction\",\"target\":[\"https:\/\/laplume-ou-lavie.fr\/index.php\/a-propos\/\"]}]},{\"@type\":\"BreadcrumbList\",\"@id\":\"https:\/\/laplume-ou-lavie.fr\/index.php\/a-propos\/#breadcrumb\",\"itemListElement\":[{\"@type\":\"ListItem\",\"position\":1,\"name\":\"Accueil\",\"item\":\"https:\/\/laplume-ou-lavie.fr\/\"},{\"@type\":\"ListItem\",\"position\":2,\"name\":\"\u00c0 propos\"}]},{\"@type\":\"WebSite\",\"@id\":\"https:\/\/laplume-ou-lavie.fr\/#website\",\"url\":\"https:\/\/laplume-ou-lavie.fr\/\",\"name\":\"\",\"description\":\"De l&#039;imaginaire, mais pas que !\",\"potentialAction\":[{\"@type\":\"SearchAction\",\"target\":{\"@type\":\"EntryPoint\",\"urlTemplate\":\"https:\/\/laplume-ou-lavie.fr\/?s={search_term_string}\"},\"query-input\":{\"@type\":\"PropertyValueSpecification\",\"valueRequired\":true,\"valueName\":\"search_term_string\"}}],\"inLanguage\":\"fr-FR\"}]}<\/script>\n<!-- \/ Yoast SEO plugin. -->","yoast_head_json":{"title":"\u00c0 propos -","robots":{"index":"index","follow":"follow","max-snippet":"max-snippet:-1","max-image-preview":"max-image-preview:large","max-video-preview":"max-video-preview:-1"},"canonical":"https:\/\/laplume-ou-lavie.fr\/index.php\/a-propos\/","og_locale":"fr_FR","og_type":"article","og_title":"\u00c0 propos -","og_description":"Hello toi, bienvenue sur La plume ou la vie ! Fais comme chez toi et remplis donc ta P\u00e0L gr\u00e2ce \u00e0 mes chroniques ! Moi, c&rsquo;est Mathilde, h\u00f4tesse et ma\u00eetresse des lieux ! \u02dc De ce blog ! La plume ou la vie est un blog principalement consacr\u00e9 aux litt\u00e9ratures de l&rsquo;imaginaire. Il faut dire &hellip; Continuer la lecture de &laquo;&nbsp;\u00c0 propos&nbsp;&raquo;","og_url":"https:\/\/laplume-ou-lavie.fr\/index.php\/a-propos\/","article_modified_time":"2018-10-08T08:58:48+00:00","og_image":[{"url":"http:\/\/laplume-ou-lavie.fr\/wp-content\/uploads\/2018\/05\/banni\u00e8re-a-propos-plume-vie.jpg","type":"","width":"","height":""}],"twitter_card":"summary_large_image","twitter_misc":{"Dur\u00e9e de lecture estim\u00e9e":"2 minutes"},"schema":{"@context":"https:\/\/schema.org","@graph":[{"@type":"WebPage","@id":"https:\/\/laplume-ou-lavie.fr\/index.php\/a-propos\/","url":"https:\/\/laplume-ou-lavie.fr\/index.php\/a-propos\/","name":"\u00c0 propos -","isPartOf":{"@id":"https:\/\/laplume-ou-lavie.fr\/#website"},"datePublished":"2018-06-16T20:42:19+00:00","dateModified":"2018-10-08T08:58:48+00:00","breadcrumb":{"@id":"https:\/\/laplume-ou-lavie.fr\/index.php\/a-propos\/#breadcrumb"},"inLanguage":"fr-FR","potentialAction":[{"@type":"ReadAction","target":["https:\/\/laplume-ou-lavie.fr\/index.php\/a-propos\/"]}]},{"@type":"BreadcrumbList","@id":"https:\/\/laplume-ou-lavie.fr\/index.php\/a-propos\/#breadcrumb","itemListElement":[{"@type":"ListItem","position":1,"name":"Accueil","item":"https:\/\/laplume-ou-lavie.fr\/"},{"@type":"ListItem","position":2,"name":"\u00c0 propos"}]},{"@type":"WebSite","@id":"https:\/\/laplume-ou-lavie.fr\/#website","url":"https:\/\/laplume-ou-lavie.fr\/","name":"","description":"De l&#039;imaginaire, mais pas que !","potentialAction":[{"@type":"SearchAction","target":{"@type":"EntryPoint","urlTemplate":"https:\/\/laplume-ou-lavie.fr\/?s={search_term_string}"},"query-input":{"@type":"PropertyValueSpecification","valueRequired":true,"valueName":"search_term_string"}}],"inLanguage":"fr-FR"}]}},"jetpack_sharing_enabled":true,"jetpack_shortlink":"https:\/\/wp.me\/P9RBBc-hS","jetpack-related-posts":[],"_links":{"self":[{"href":"https:\/\/laplume-ou-lavie.fr\/index.php\/wp-json\/wp\/v2\/pages\/1108","targetHints":{"allow":["GET"]}}],"collection":[{"href":"https:\/\/laplume-ou-lavie.fr\/index.php\/wp-json\/wp\/v2\/pages"}],"about":[{"href":"https:\/\/laplume-ou-lavie.fr\/index.php\/wp-json\/wp\/v2\/types\/page"}],"author":[{"embeddable":true,"href":"https:\/\/laplume-ou-lavie.fr\/index.php\/wp-json\/wp\/v2\/users\/1"}],"replies":[{"embeddable":true,"href":"https:\/\/laplume-ou-lavie.fr\/index.php\/wp-json\/wp\/v2\/comments?post=1108"}],"version-history":[{"count":9,"href":"https:\/\/laplume-ou-lavie.fr\/index.php\/wp-json\/wp\/v2\/pages\/1108\/revisions"}],"predecessor-version":[{"id":1382,"href":"https:\/\/laplume-ou-lavie.fr\/index.php\/wp-json\/wp\/v2\/pages\/1108\/revisions\/1382"}],"wp:attachment":[{"href":"https:\/\/laplume-ou-lavie.fr\/index.php\/wp-json\/wp\/v2\/media?parent=1108"}],"curies":[{"name":"wp","href":"https:\/\/api.w.org\/{rel}","templated":true}]}}